{"id":59,"date":"2015-07-22T18:01:26","date_gmt":"2015-07-22T18:01:26","guid":{"rendered":"http:\/\/afrosoundchoir.com.ar\/wp\/?page_id=59"},"modified":"2026-02-05T04:48:55","modified_gmt":"2026-02-05T04:48:55","slug":"quiero-cantar","status":"publish","type":"page","link":"https:\/\/afrosoundchoir.com.ar\/index.php\/quiero-cantar\/","title":{"rendered":"Quiero Cantar"},"content":{"rendered":"<p><strong>\u00a1\u00danete a la Gospel Family m\u00e1s vibrante de la Regi\u00f3n! Un espacio donde la pasi\u00f3n por la M\u00fasica Gospel se vive en cada nota!<br \/>\n<\/strong><br \/>\n<strong>INSCRIPCIONES ABIERTAS\u00a0<\/strong><\/p>\n<p><strong>Te Gusta Cantar?<br \/>\n<\/strong>Nosotros queremos conocerte!!! Atrevete a vivir la Experiencia Musical m\u00e1s emocionante!! La M\u00fasica Gospel har\u00e1 vibrar tu coraz\u00f3n como nunca antes!<br \/>\nTu tambi\u00e9n puedes ser Cantante de AFROSOUND GOSPEL CHOIR!!!<\/p>\n<p>Haz <a href=\"https:\/\/forms.gle\/gXEpRGGDwrwtDkeX7\"><strong>Click Aqu\u00ed<\/strong><\/a> complet\u00e1 todos tus datos y te responderemos de inmediato con toda la informaci\u00f3n que necesitas saber.<\/p>\n<p><strong>Whatsapp<br \/>\n<\/strong><strong>Buenos Aires, Argentina: +54 9 11 3068 7788<br \/>\nMontevideo, Uruguay: +598 99 208 998<br \/>\nSantiago de Chile, Chile: +569 6617 4013<\/p>\n<p>E-Mail: info@afrosoundchoir.com.ar<\/p>\n<p><\/strong>Por fin ahora tienes un lugar donde desarrollar tu potencial! Ven a experimentar algo que cambiar\u00e1 tu vida! Aqu\u00ed est\u00e1 lo que tanto estabas buscando! Gracias por querer formar parte de nuestra Agrupacion.<\/p>\n<h5>Cordialmente,<br \/>\n<strong>Claudia Tapia (Momma T.)<br \/>\n<\/strong><strong>Directora Art\u00edstica y Productora Ejecutiva<br \/>\n<\/strong><\/h5>\n<p><strong>\u00a0<\/strong><\/p>\n","protected":false},"excerpt":{"rendered":"<p>\u00a1\u00danete a la Gospel Family m\u00e1s vibrante de la Regi\u00f3n! Un espacio donde la pasi\u00f3n por la M\u00fasica Gospel se vive en cada nota! INSCRIPCIONES ABIERTAS\u00a0 Te Gusta Cantar? Nosotros&#8230;<\/p>\n","protected":false},"author":1,"featured_media":0,"parent":0,"menu_order":0,"comment_status":"open","ping_status":"open","template":"","meta":{"footnotes":""},"_links":{"self":[{"href":"https:\/\/afrosoundchoir.com.ar\/index.php\/wp-json\/wp\/v2\/pages\/59"}],"collection":[{"href":"https:\/\/afrosoundchoir.com.ar\/index.php\/wp-json\/wp\/v2\/pages"}],"about":[{"href":"https:\/\/afrosoundchoir.com.ar\/index.php\/wp-json\/wp\/v2\/types\/page"}],"author":[{"embeddable":true,"href":"https:\/\/afrosoundchoir.com.ar\/index.php\/wp-json\/wp\/v2\/users\/1"}],"replies":[{"embeddable":true,"href":"https:\/\/afrosoundchoir.com.ar\/index.php\/wp-json\/wp\/v2\/comments?post=59"}],"version-history":[{"count":30,"href":"https:\/\/afrosoundchoir.com.ar\/index.php\/wp-json\/wp\/v2\/pages\/59\/revisions"}],"predecessor-version":[{"id":1069,"href":"https:\/\/afrosoundchoir.com.ar\/index.php\/wp-json\/wp\/v2\/pages\/59\/revisions\/1069"}],"wp:attachment":[{"href":"https:\/\/afrosoundchoir.com.ar\/index.php\/wp-json\/wp\/v2\/media?parent=59"}],"curies":[{"name":"wp","href":"https:\/\/api.w.org\/{rel}","templated":true}]}}