{"id":807,"date":"2019-07-02T19:13:48","date_gmt":"2019-07-02T19:13:48","guid":{"rendered":"http:\/\/afrosoundchoir.com.ar\/?page_id=807"},"modified":"2019-07-02T19:17:19","modified_gmt":"2019-07-02T19:17:19","slug":"escuchar-gospel","status":"publish","type":"page","link":"https:\/\/afrosoundchoir.com.ar\/index.php\/gospel\/escuchar-gospel\/","title":{"rendered":"Escuchar Gospel"},"content":{"rendered":"\n<p><p style=\"font-size:16px\"> Las mejores radios cristianas de internet. Escucha gratis emisoras de radio con todas las novedades de la m\u00fasica cristiana. En estas radios podr\u00e1s escuchar m\u00fasica rock cristiana, m\u00fasica gregoriana ambiental y otros estilos musicales como las canciones de alabanza y adoraci\u00f3n. Haz clic en la siguiente imagen para acceder:<\/p><\/p>\n\n\n\n<div class=\"wp-block-image\"><figure class=\"aligncenter\"><img decoding=\"async\" src=\"http:\/\/afrosoundchoir.com.ar\/wp-content\/uploads\/2019\/07\/kope.jpg\" alt=\"\"\/><\/figure><\/div>\n","protected":false},"excerpt":{"rendered":"<p>Las mejores radios cristianas de internet. Escucha gratis emisoras de radio con todas las novedades de la m\u00fasica cristiana. En estas radios podr\u00e1s escuchar m\u00fasica rock cristiana, m\u00fasica gregoriana ambiental&#8230;<\/p>\n","protected":false},"author":1,"featured_media":0,"parent":75,"menu_order":0,"comment_status":"closed","ping_status":"closed","template":"","meta":{"footnotes":""},"_links":{"self":[{"href":"https:\/\/afrosoundchoir.com.ar\/index.php\/wp-json\/wp\/v2\/pages\/807"}],"collection":[{"href":"https:\/\/afrosoundchoir.com.ar\/index.php\/wp-json\/wp\/v2\/pages"}],"about":[{"href":"https:\/\/afrosoundchoir.com.ar\/index.php\/wp-json\/wp\/v2\/types\/page"}],"author":[{"embeddable":true,"href":"https:\/\/afrosoundchoir.com.ar\/index.php\/wp-json\/wp\/v2\/users\/1"}],"replies":[{"embeddable":true,"href":"https:\/\/afrosoundchoir.com.ar\/index.php\/wp-json\/wp\/v2\/comments?post=807"}],"version-history":[{"count":5,"href":"https:\/\/afrosoundchoir.com.ar\/index.php\/wp-json\/wp\/v2\/pages\/807\/revisions"}],"predecessor-version":[{"id":813,"href":"https:\/\/afrosoundchoir.com.ar\/index.php\/wp-json\/wp\/v2\/pages\/807\/revisions\/813"}],"up":[{"embeddable":true,"href":"https:\/\/afrosoundchoir.com.ar\/index.php\/wp-json\/wp\/v2\/pages\/75"}],"wp:attachment":[{"href":"https:\/\/afrosoundchoir.com.ar\/index.php\/wp-json\/wp\/v2\/media?parent=807"}],"curies":[{"name":"wp","href":"https:\/\/api.w.org\/{rel}","templated":true}]}}